{"id":1346,"date":"2021-06-21T21:39:56","date_gmt":"2021-06-21T21:39:56","guid":{"rendered":"http:\/\/estrellasycorazones.com\/?post_type=product&#038;p=1346"},"modified":"2024-05-19T04:15:59","modified_gmt":"2024-05-19T04:15:59","slug":"cricut-plancha-easypress-2-mint","status":"publish","type":"product","link":"https:\/\/estrellasycorazones.com\/index.php\/product\/cricut-plancha-easypress-2-mint\/","title":{"rendered":"Cricut &#8211; Plancha EasyPress 2 Mint"},"content":{"rendered":"<p>Tama\u00f1o de 9 \u00abx 9\u00bb (22,5 cm x 22,5 cm) ideal para camisetas b\u00e1sicas, bolsas de mano, almohadas, delantales y m\u00e1s<br \/>\nResultados de la plancha profesional en 60 segundos o menos<br \/>\nDise\u00f1o avanzado de placa de calor con superficie revestida de cer\u00e1mica<br \/>\nControl de temperatura preciso hasta 400 \u2109 (205 C)<br \/>\nF\u00e1cil de aprender, simple de usar. Ligero, port\u00e1til, f\u00e1cil de almacenar y compatible con la mayor\u00eda de las principales marcas de vinilo de transferencia de calor (HTV)<br \/>\nVoltaje: 110 voltios<\/p>\n","protected":false},"excerpt":{"rendered":"<p>Tu imprescindible para planchar todos los d\u00edas. Ahora con calor ajustable hasta 400 F (205 C). Circuit Easy Press 2 le brinda resultados de planchado profesionales en 60 segundos o menos. Al combinar la velocidad de una prensa de calor y la comodidad de la plancha, Easy Press le brinda resultados r\u00e1pidos e infalibles que realmente se adhieren, incluso despu\u00e9s de lavados repetidos. Elimine las conjeturas con configuraciones de tiempo y temperatura rigurosamente probadas para cada proyecto, aplique una presi\u00f3n suave y cuando suene el pitido, listo. Las funciones de seguridad \u00fatiles incluyen una base de descanso aislada y funci\u00f3n de apagado autom\u00e1tico. Easy Press es liviano, port\u00e1til, f\u00e1cil de almacenar y compatible con las principales marcas de material de transferencia de calor. Y, por supuesto, es un complemento perfecto para las cortadoras de circuitos. Frambuesa.<\/p>\n","protected":false},"featured_media":1347,"comment_status":"open","ping_status":"closed","template":"","meta":[],"_links":{"self":[{"href":"https:\/\/estrellasycorazones.com\/index.php\/wp-json\/wp\/v2\/product\/1346"}],"collection":[{"href":"https:\/\/estrellasycorazones.com\/index.php\/wp-json\/wp\/v2\/product"}],"about":[{"href":"https:\/\/estrellasycorazones.com\/index.php\/wp-json\/wp\/v2\/types\/product"}],"replies":[{"embeddable":true,"href":"https:\/\/estrellasycorazones.com\/index.php\/wp-json\/wp\/v2\/comments?post=1346"}],"wp:featuredmedia":[{"embeddable":true,"href":"https:\/\/estrellasycorazones.com\/index.php\/wp-json\/wp\/v2\/media\/1347"}],"wp:attachment":[{"href":"https:\/\/estrellasycorazones.com\/index.php\/wp-json\/wp\/v2\/media?parent=1346"}],"curies":[{"name":"wp","href":"https:\/\/api.w.org\/{rel}","templated":true}]}}