{"id":1350,"date":"2021-06-21T21:54:58","date_gmt":"2021-06-21T21:54:58","guid":{"rendered":"http:\/\/estrellasycorazones.com\/?post_type=product&#038;p=1350"},"modified":"2022-12-26T21:16:56","modified_gmt":"2022-12-26T21:16:56","slug":"cricut-prensa-de-taza-para-sublimacion-compatible-con-cricut-infusible-ink-cricut-taza-en-blanco","status":"publish","type":"product","link":"https:\/\/estrellasycorazones.com\/index.php\/product\/cricut-prensa-de-taza-para-sublimacion-compatible-con-cricut-infusible-ink-cricut-taza-en-blanco\/","title":{"rendered":"Cricut &#8211; Prensa de taza para sublimaci\u00f3n, compatible con Cricut Infusible Ink &#8211; Cricut taza en blanco"},"content":{"rendered":"<p>Cricut Prensa para tazas compatibles con tinta infusible de 350 a 15.9 fl oz.<br \/>\nHaz tazas profesionales en minutos con ajustes f\u00e1ciles de un solo toque.<br \/>\nObt\u00e9n resultados a prueba de peladuras, aptos para lavavajillas con materiales de tinta Infusible.<br \/>\nLas caracter\u00edsticas de seguridad cuidadosas incluyen apagado autom\u00e1tico.<br \/>\nRequiere hojas de transferencia de tinta infusible, bol\u00edgrafos o marcadores y tazas compatibles en blanco (se venden por separado).<\/p>\n","protected":false},"excerpt":{"rendered":"<p>Haz una obra maestra de taza en minutos con Cricut Mug Press \u2122. Simplemente cree su dise\u00f1o con materiales de tinta infusible de Cricut, adj\u00fantelo a su taza y la prensa se encargar\u00e1 del resto. Personalice sus tazas compatibles con Infusible Ink * con arte \u00fanico, un monograma o lo que desee. Tiene una placa de calor pendiente de patente para obtener resultados excelentes y consistentes y sin ajustes manuales de temperatura o presi\u00f3n. Las caracter\u00edsticas de seguridad bien pensadas incluyen apagado autom\u00e1tico. Los regalos perfectos para familiares, amigos, maestros, vecinos y compa\u00f1eros de trabajo nunca han sido tan f\u00e1ciles. Optimizado para productos Infusible Ink \u2122 y un complemento perfecto para cualquier m\u00e1quina de corte Cricut. Siga cuidadosamente las instrucciones en cricut.com\/make-mugs. Solo para uso de adultos. Use en un \u00e1rea bien ventilada. Vapor emitido durante la transferencia de calor. * Para usar con tazas compatibles con Infusible Ink, 350 a 470 ml (11 a 16 oz) solo para paredes rectas; Tazas de 82-86 mm de di\u00e1metro +\/- 1 mm (3,2-3,4 pulg.) * Para usar con espacios en blanco para tazas de sublimaci\u00f3n compatibles, recubiertos de pol\u00edmero, 11-16 oz (350-470 ml) de pared recta solamente; Tazas de 82-86 mm de di\u00e1metro +\/- 1 mm (3,2-3,4 pulg.).<\/p>\n","protected":false},"featured_media":1352,"comment_status":"open","ping_status":"closed","template":"","meta":[],"_links":{"self":[{"href":"https:\/\/estrellasycorazones.com\/index.php\/wp-json\/wp\/v2\/product\/1350"}],"collection":[{"href":"https:\/\/estrellasycorazones.com\/index.php\/wp-json\/wp\/v2\/product"}],"about":[{"href":"https:\/\/estrellasycorazones.com\/index.php\/wp-json\/wp\/v2\/types\/product"}],"replies":[{"embeddable":true,"href":"https:\/\/estrellasycorazones.com\/index.php\/wp-json\/wp\/v2\/comments?post=1350"}],"wp:featuredmedia":[{"embeddable":true,"href":"https:\/\/estrellasycorazones.com\/index.php\/wp-json\/wp\/v2\/media\/1352"}],"wp:attachment":[{"href":"https:\/\/estrellasycorazones.com\/index.php\/wp-json\/wp\/v2\/media?parent=1350"}],"curies":[{"name":"wp","href":"https:\/\/api.w.org\/{rel}","templated":true}]}}