{"id":1355,"date":"2021-06-21T22:13:04","date_gmt":"2021-06-21T22:13:04","guid":{"rendered":"http:\/\/estrellasycorazones.com\/?post_type=product&#038;p=1355"},"modified":"2022-12-31T01:58:26","modified_gmt":"2022-12-31T01:58:26","slug":"cricut-joy-machine-maquina-de-bricolaje-compacta-y-portatil-para-proyectos-de-vinilo-rapido-hierro-htv-y-papel","status":"publish","type":"product","link":"https:\/\/estrellasycorazones.com\/index.php\/product\/cricut-joy-machine-maquina-de-bricolaje-compacta-y-portatil-para-proyectos-de-vinilo-rapido-hierro-htv-y-papel\/","title":{"rendered":"Cricut Joy Machine &#8211; M\u00e1quina de bricolaje compacta y port\u00e1til para proyectos de vinilo r\u00e1pido, hierro HTV y papel"},"content":{"rendered":"<p>F\u00e1cil de usar: si eres nuevo en bricolaje, o un artesano experimentado que busca una manera m\u00e1s c\u00f3moda de completar esos proyectos r\u00e1pidos. Esta peque\u00f1a m\u00e1quina inteligente para cortar, escribir y hacer etiquetas es perfecta para ti. El peque\u00f1o tama\u00f1o de Cricut Joy hace que sea el regalo perfecto para cualquier persona.<br \/>\nA\u00f1ade ese toque personal y a\u00f1ade ese toque extra a tus proyectos es m\u00e1s f\u00e1cil que nunca. Cricut Joy puede hacer cortes continuos de hasta 4 pies y cortes repetidos de hasta 20 pies utilizando materiales Cricut Smart. (Disponible en variedades de vinilo, termoadhesivo y vinilo de etiqueta). No necesita alfombrilla de corte. Simplemente carga y listo. O utiliza otros materiales populares como Cricut Infusible, cartulina, o insertar tarjetas utilizando Cricut Joy y alfombrillas Cricut Joy Card<br \/>\nOrgan\u00edzate: ver m\u00e1s tarde fabricante de etiquetas. Cricut Joy puede cortar y escribir etiquetas personalizadas para una variedad de proyectos de organizaci\u00f3n del hogar. Organiza la despensa, art\u00edculos de tocador, cubos de almacenamiento y m\u00e1s con los bol\u00edgrafos Cricut Smart Vinyl y Cricut.<br \/>\nDise\u00f1o gratuito: sube y crea tus propios dise\u00f1os de forma gratuita utilizando el espacio de dise\u00f1o Cricut. Dise\u00f1a tu tableta de ordenador o dispositivo m\u00f3vil con nuestras aplicaciones iOS o Android. Lleva tu experiencia de dise\u00f1o al siguiente nivel con Cricut Access, una suscripci\u00f3n mensual a nuestra gran biblioteca de m\u00e1s de 100 K de im\u00e1genes, fuentes y proyectos de maquillaje.<br \/>\nIncluido en la caja: m\u00e1quina de corte Cricut Joy, hoja y carcasa de punta fina, bol\u00edgrafo de punta fina, alfombrilla de agarre est\u00e1ndar (4. 12,7 x 15,2 5.0 in), tarjeta de bienvenida, adaptador de alimentaci\u00f3n, membres\u00eda de prueba gratuita a Cricut Access (para nuevos suscriptores, 50 proyectos en l\u00ednea listos para hacer y material inteligente de muestra para un corte de pr\u00e1ctica).<\/p>\n","protected":false},"excerpt":{"rendered":"<p>Hace calcoman\u00edas personalizadas, dise\u00f1os de camisetas personalizadas, tarjetas de felicitaci\u00f3n personalizadas y fabricante de etiquetas. <\/p>\n","protected":false},"featured_media":1359,"comment_status":"open","ping_status":"closed","template":"","meta":[],"_links":{"self":[{"href":"https:\/\/estrellasycorazones.com\/index.php\/wp-json\/wp\/v2\/product\/1355"}],"collection":[{"href":"https:\/\/estrellasycorazones.com\/index.php\/wp-json\/wp\/v2\/product"}],"about":[{"href":"https:\/\/estrellasycorazones.com\/index.php\/wp-json\/wp\/v2\/types\/product"}],"replies":[{"embeddable":true,"href":"https:\/\/estrellasycorazones.com\/index.php\/wp-json\/wp\/v2\/comments?post=1355"}],"wp:featuredmedia":[{"embeddable":true,"href":"https:\/\/estrellasycorazones.com\/index.php\/wp-json\/wp\/v2\/media\/1359"}],"wp:attachment":[{"href":"https:\/\/estrellasycorazones.com\/index.php\/wp-json\/wp\/v2\/media?parent=1355"}],"curies":[{"name":"wp","href":"https:\/\/api.w.org\/{rel}","templated":true}]}}