{"id":1361,"date":"2021-06-21T22:23:36","date_gmt":"2021-06-21T22:23:36","guid":{"rendered":"http:\/\/estrellasycorazones.com\/?post_type=product&#038;p=1361"},"modified":"2022-12-27T02:05:34","modified_gmt":"2022-12-27T02:05:34","slug":"cricut-maquina-cricut-champan","status":"publish","type":"product","link":"https:\/\/estrellasycorazones.com\/index.php\/product\/cricut-maquina-cricut-champan\/","title":{"rendered":"Cricut &#8211; M\u00e1quina de corte"},"content":{"rendered":"<p>Ampliable conjunto de herramientas basado en tecnolog\u00eda Adaptive sistema de herramientas.<br \/>\nGiratorio para cortar tela.<br \/>\nNuevo patr\u00f3n de costura para biblioteca con cientos de dise\u00f1os disponibles.<\/p>\n","protected":false},"excerpt":{"rendered":"<p>Presentamos la Cricut Maker, la \u00faltima m\u00e1quina de corte inteligente. Con su revolucionario Adaptive Tool System y su conjunto ampliable de herramientas, Maker le brinda la libertad de realizar pr\u00e1cticamente cualquier proyecto de bricolaje que pueda imaginar. Utilice la cuchilla giratoria para cortar tela para un proyecto de costura sin material de respaldo. Cambie a la cuchilla y corte el aglomerado para mayor dimensi\u00f3n y profundidad. Maker tiene las herramientas para cortar cientos de materiales de forma r\u00e1pida y precisa, desde la tela y el papel m\u00e1s delicados hasta el cart\u00f3n y el cuero. Con una versatilidad de corte \u00fanica, una enorme biblioteca de ideas de dise\u00f1o y patrones de costura disponibles al instante y aplicaciones f\u00e1ciles de usar, Maker ofrece un rendimiento de corte de nivel profesional que cualquiera puede usar.<\/p>\n","protected":false},"featured_media":1364,"comment_status":"open","ping_status":"closed","template":"","meta":[],"_links":{"self":[{"href":"https:\/\/estrellasycorazones.com\/index.php\/wp-json\/wp\/v2\/product\/1361"}],"collection":[{"href":"https:\/\/estrellasycorazones.com\/index.php\/wp-json\/wp\/v2\/product"}],"about":[{"href":"https:\/\/estrellasycorazones.com\/index.php\/wp-json\/wp\/v2\/types\/product"}],"replies":[{"embeddable":true,"href":"https:\/\/estrellasycorazones.com\/index.php\/wp-json\/wp\/v2\/comments?post=1361"}],"wp:featuredmedia":[{"embeddable":true,"href":"https:\/\/estrellasycorazones.com\/index.php\/wp-json\/wp\/v2\/media\/1364"}],"wp:attachment":[{"href":"https:\/\/estrellasycorazones.com\/index.php\/wp-json\/wp\/v2\/media?parent=1361"}],"curies":[{"name":"wp","href":"https:\/\/api.w.org\/{rel}","templated":true}]}}