{"id":1383,"date":"2021-08-31T21:38:14","date_gmt":"2021-08-31T21:38:14","guid":{"rendered":"http:\/\/estrellasycorazones.com\/?post_type=product&#038;p=1383"},"modified":"2022-12-27T22:13:20","modified_gmt":"2022-12-27T22:13:20","slug":"alfombrilla-de-corte-para-silhouette-cameo","status":"publish","type":"product","link":"https:\/\/estrellasycorazones.com\/index.php\/product\/alfombrilla-de-corte-para-silhouette-cameo\/","title":{"rendered":"Cameo &#8211; Silhouette &#8211; tapete de corte"},"content":{"rendered":"<p>Alfombrilla de corte para Silhouette Cameo: la alfombrilla de corte de 12 x 12 pulgadas es adecuada para Silhouette Cameo 3\/2\/1. Estas alfombrillas de corte contienen l\u00edneas de cuadr\u00edcula exactas, lo que ayudar\u00e1 en gran medida al proceso de corte. Esta alfombrilla de corte para Silhouette Cameo te ayudar\u00e1 a completar mejor tu dise\u00f1o creativo.<\/p>\n<p>El tama\u00f1o de la alfombrilla de corte: esta alfombrilla de corte cuadrada mide 12.008 x 12.008 in, todo el tama\u00f1o de la alfombrilla de corte: 12.795 x 13.583 in (largo x ancho).<\/p>\n<p>Material de PVC de alta calidad: estas alfombrillas est\u00e1n hechas de material de PVC de color s\u00f3lido que no se desvanece despu\u00e9s de un uso repetido. En comparaci\u00f3n con otras marcas, es m\u00e1s resistente y duradero.<\/p>\n<p>Obtendr\u00e1s: estas tres alfombrillas de corte incluyen agarre est\u00e1ndar, agarre ligero, Stronggrip. Vienen con un paquete de 4 alfombrillas de corte de 12.0 x 12.0 in (tres colores, transparentes para 3 piezas, una es azul, la otra es morada).<\/p>\n<p>Almacenamiento de alfombrillas de corte: utiliza el raspador para raspar el exceso de piezas y la esp\u00e1tula para eliminar cuidadosamente las im\u00e1genes cortadas. Mant\u00e9n la cubierta de pel\u00edcula transparente en la alfombrilla de corte cuando la guardes para mantener la alfombrilla de corte libre de residuos y polvo.<\/p>\n","protected":false},"excerpt":{"rendered":"<p>Ecraft Alfombrilla de corte para Silhouette Cameo 3\/2\/1: 12 x 12 pulgadas, incluye un StrongGrip&#038;Three StandardGrip&#038;One LightGrip para corte perfecto para Silhouette Cameo reemplazo para manualidades, costura y todas las artes.<\/p>\n","protected":false},"featured_media":1385,"comment_status":"open","ping_status":"closed","template":"","meta":[],"_links":{"self":[{"href":"https:\/\/estrellasycorazones.com\/index.php\/wp-json\/wp\/v2\/product\/1383"}],"collection":[{"href":"https:\/\/estrellasycorazones.com\/index.php\/wp-json\/wp\/v2\/product"}],"about":[{"href":"https:\/\/estrellasycorazones.com\/index.php\/wp-json\/wp\/v2\/types\/product"}],"replies":[{"embeddable":true,"href":"https:\/\/estrellasycorazones.com\/index.php\/wp-json\/wp\/v2\/comments?post=1383"}],"wp:featuredmedia":[{"embeddable":true,"href":"https:\/\/estrellasycorazones.com\/index.php\/wp-json\/wp\/v2\/media\/1385"}],"wp:attachment":[{"href":"https:\/\/estrellasycorazones.com\/index.php\/wp-json\/wp\/v2\/media?parent=1383"}],"curies":[{"name":"wp","href":"https:\/\/api.w.org\/{rel}","templated":true}]}}