{"id":1387,"date":"2021-08-31T21:45:31","date_gmt":"2021-08-31T21:45:31","guid":{"rendered":"http:\/\/estrellasycorazones.com\/?post_type=product&#038;p=1387"},"modified":"2023-01-17T02:47:51","modified_gmt":"2023-01-17T02:47:51","slug":"rollo-de-cinta-de-papel-de-transferencia-de-vinilo-transparente","status":"publish","type":"product","link":"https:\/\/estrellasycorazones.com\/index.php\/product\/rollo-de-cinta-de-papel-de-transferencia-de-vinilo-transparente\/","title":{"rendered":"Rollo de cinta de papel de transferencia de vinilo transparente"},"content":{"rendered":"<p>F\u00e1cil liberaci\u00f3n sin residuos: cinta de transferencia transparente para vinilo de 12.0 in que no deja residuos pegajosos en tu vinilo y no rasga ni rompe tu proyecto. Esta cinta de transferencia de vinilo es perfecta para que tus proyectos se mantengan rectos. Sin ensuciar y sin complicaciones.<\/p>\n<p>Rejilla roja clara: las l\u00edneas de cuadr\u00edcula de 0.5 in hacen que el papel de transferencia para vinilo sea f\u00e1cil de medir y cortar tu cinta de transferencia de vinilo sin residuos. Adem\u00e1s, nuestro rollo de cinta de transferencia tambi\u00e9n es resistente a desgarros.<\/p>\n<p>Pegamento medio: no demasiado pegajoso para que no puedas transferir tus dise\u00f1os, pero lo suficientemente pegajoso como para levantar f\u00e1cilmente tu proyecto y transferirlo a tu superficie. Sin esfuerzo, nuestra cinta de transferencia para vinilo es sin problemas y f\u00e1cil de usar para todos los proyectos, incluso m\u00e1s peque\u00f1os trabajos.<\/p>\n<p>Amplia aplicaci\u00f3n: nuestro rollo de cinta de transferencia de vinilo est\u00e1 dise\u00f1ado para trabajar con vinilo adhesivo interior\/exterior, incluyendo Cameo, Silhouette, Provo Craft, Cricut Vinyl, Pazzles, vinilo oracal y mucho m\u00e1s. Pero no puede funcionar con vinilo hologr\u00e1fico, vinilo con purpurina o HTV. F\u00e1cil transferencia a cualquier superficie lisa como pegatinas de carteles, ventanas, paredes, cer\u00e1mica, vidrio, etc.<\/p>\n<p>Gran servicio: tenemos confianza con nuestra cinta de transferencia transparente para vinilo. Haremos todo lo posible para que est\u00e9s totalmente satisfecho con tu cinta de transferencia. Sin embargo, si est\u00e1s satisfecho con la cinta de aplicaci\u00f3n de vinilo, por favor ay\u00fadanos a compartirla con m\u00e1s amantes de las manualidades o cualquier medio social que tengas.<\/p>\n","protected":false},"excerpt":{"rendered":"<p>Rollo de cinta de papel de transferencia de vinilo transparente, 100.1 x 4.9 ft, con cinta de alineaci\u00f3n para cameo de silueta, vinilo adhesivo Cricut para calcoman\u00edas, letreros, ventanas, pegatinas.<\/p>\n","protected":false},"featured_media":1389,"comment_status":"open","ping_status":"closed","template":"","meta":[],"_links":{"self":[{"href":"https:\/\/estrellasycorazones.com\/index.php\/wp-json\/wp\/v2\/product\/1387"}],"collection":[{"href":"https:\/\/estrellasycorazones.com\/index.php\/wp-json\/wp\/v2\/product"}],"about":[{"href":"https:\/\/estrellasycorazones.com\/index.php\/wp-json\/wp\/v2\/types\/product"}],"replies":[{"embeddable":true,"href":"https:\/\/estrellasycorazones.com\/index.php\/wp-json\/wp\/v2\/comments?post=1387"}],"wp:featuredmedia":[{"embeddable":true,"href":"https:\/\/estrellasycorazones.com\/index.php\/wp-json\/wp\/v2\/media\/1389"}],"wp:attachment":[{"href":"https:\/\/estrellasycorazones.com\/index.php\/wp-json\/wp\/v2\/media?parent=1387"}],"curies":[{"name":"wp","href":"https:\/\/api.w.org\/{rel}","templated":true}]}}