{"id":1393,"date":"2021-08-31T22:07:54","date_gmt":"2021-08-31T22:07:54","guid":{"rendered":"http:\/\/estrellasycorazones.com\/?post_type=product&#038;p=1393"},"modified":"2022-12-27T02:07:15","modified_gmt":"2022-12-27T02:07:15","slug":"silhouette-america-silh-cameo-4","status":"publish","type":"product","link":"https:\/\/estrellasycorazones.com\/index.php\/product\/silhouette-america-silh-cameo-4\/","title":{"rendered":"Silhouette Am\u00e9rica SILH-CAMEO-4"},"content":{"rendered":"<p>Contenido adicional en Amazon solamente: copia digital del manual de silueta y 10 dise\u00f1os exclusivos. La silueta Cameo 4 es la evoluci\u00f3n en el corte de escritorio. Convenientemente almacenado en el caj\u00f3n compacto de la m\u00e1quina es un nuevo alimentador de rollo integrado para cortar r\u00e1pidamente vinilo y material de transferencia de calor directamente desde un rollo. En la parte posterior del Cameo 4 encontrar\u00e1s un cortador de cruz integrado que permite un corte limpio de borde recto en tu rollo de vinilo para tu pr\u00f3ximo proyecto.<\/p>\n<p>El carro doble \u00fanico de Cameo permite la detecci\u00f3n de tipo herramienta. El sistema ultrainteligente de la m\u00e1quina utiliza la tecnolog\u00eda de sensor de herramientas que detecta qu\u00e9 herramienta est\u00e1s utilizando y luego activa el software de Silhouette Studio para ajustar los ajustes de corte autom\u00e1ticamente.<\/p>\n<p>El Cameo 4 se distingue de los modelos anteriores con el nuevo sistema de doble motor, que permite cortar de dos maneras distintas. Carriage One proporciona al Cameo 4 una velocidad sin igual. Funciona con un motor solenoide que proporciona a los fabricantes cortes suaves e intrincados. Cameo 4 puede cortar o esbozar hasta 3 veces m\u00e1s r\u00e1pido que los modelos anteriores sin sacrificar la precisi\u00f3n. Carriage Two es operado por un estilo totalmente diferente de motor que permite una potencia sin precedentes.<\/p>\n<p>Tecnolog\u00eda de conectividad: USB<\/p>\n","protected":false},"excerpt":{"rendered":"<p>Silhouette Am\u00e9rica SILH-CAMEO-4-PNK-4T, Cameo 4, edici\u00f3n rosa<\/p>\n","protected":false},"featured_media":1400,"comment_status":"open","ping_status":"closed","template":"","meta":[],"_links":{"self":[{"href":"https:\/\/estrellasycorazones.com\/index.php\/wp-json\/wp\/v2\/product\/1393"}],"collection":[{"href":"https:\/\/estrellasycorazones.com\/index.php\/wp-json\/wp\/v2\/product"}],"about":[{"href":"https:\/\/estrellasycorazones.com\/index.php\/wp-json\/wp\/v2\/types\/product"}],"replies":[{"embeddable":true,"href":"https:\/\/estrellasycorazones.com\/index.php\/wp-json\/wp\/v2\/comments?post=1393"}],"wp:featuredmedia":[{"embeddable":true,"href":"https:\/\/estrellasycorazones.com\/index.php\/wp-json\/wp\/v2\/media\/1400"}],"wp:attachment":[{"href":"https:\/\/estrellasycorazones.com\/index.php\/wp-json\/wp\/v2\/media?parent=1393"}],"curies":[{"name":"wp","href":"https:\/\/api.w.org\/{rel}","templated":true}]}}