{"id":1402,"date":"2021-08-31T22:10:28","date_gmt":"2021-08-31T22:10:28","guid":{"rendered":"http:\/\/estrellasycorazones.com\/?post_type=product&#038;p=1402"},"modified":"2022-12-29T12:29:47","modified_gmt":"2022-12-29T12:29:47","slug":"silhouette-cameo-4-con-bluetooth","status":"publish","type":"product","link":"https:\/\/estrellasycorazones.com\/index.php\/product\/silhouette-cameo-4-con-bluetooth\/","title":{"rendered":"Silhouette Cameo 4 con Bluetooth"},"content":{"rendered":"<p>Material extra s\u00f3lo en Amazon: copia del manual Silhouette y 10 dise\u00f1os exclusivos. El Cameo 4 se distingue de los modelos anteriores con el nuevo sistema de doble motor, que permite cortar de dos maneras distintas. Carriage One proporciona al Cameo 4 una velocidad sin igual y funciona desde un motor solenoide que proporciona cortes suaves e intrincados. Dibuja hasta 3 veces m\u00e1s r\u00e1pido que los modelos anteriores. Carriage Two es operado por un estilo totalmente diferente de motor que permite una potencia sin precedentes.<\/p>\n<p>* La Silhouette Cameo 4 es la evoluci\u00f3n en el corte de escritorio. Convenientemente almacenado en el caj\u00f3n compacto de la m\u00e1quina es un nuevo alimentador de rollo integrado para cortar r\u00e1pidamente vinilo y material de transferencia de calor directamente desde un rollo. En la parte posterior del Cameo 4 encontrar\u00e1s un cortador de cruz integrado que permite un corte limpio de borde recto en tu rollo de vinilo para tu pr\u00f3ximo proyecto.<\/p>\n<p>* El carro doble \u00fanico de Cameo permite la detecci\u00f3n de tipo herramienta. El sistema ultrainteligente de la m\u00e1quina utiliza la tecnolog\u00eda de sensor de herramientas que detecta qu\u00e9 herramienta est\u00e1s utilizando y luego activa el software de Silhouette Studio para ajustar los ajustes de corte autom\u00e1ticamente.<\/p>\n<p>* El Cameo 4 Carriage 2 cuenta con una fuerza de corte adicional. Con la mayor fuerza de bajada del Cameo 4, ahora ofrecemos una nueva hoja giratoria y Kraft (se vende por separado) que ha sido espec\u00edficamente dise\u00f1ada para funcionar con la tecnolog\u00eda tangencial Cameo Smart. Con tecnolog\u00eda tangencial inteligente, el Cameo 4 corta material m\u00e1s grueso sin sacrificar la calidad con cada corte. El Cameo 4 ofrece un verdadero corte sin alfombrilla que permite cortar cartulina, papel y otros materiales sin utilizar una alfombrilla.<\/p>\n<p>* El autoblade ha sido reconfigurado especialmente para el Cameo 4. Esta segunda generaci\u00f3n autoblade tendr\u00e1 un reinicio de un solo toque que reducir\u00e1 el tiempo necesario para que el Cameo 4 ajuste autom\u00e1ticamente el ajuste de la hoja para tu proyecto.<\/p>\n","protected":false},"excerpt":{"rendered":"<p>Silhouette Cameo 4 con Bluetooth, 12 x 12 alfombrilla de corte, AutoBlade 2, 100 dise\u00f1os y Silhouette Studio Software &#8211; Black Edition<\/p>\n<p>&nbsp;<\/p>\n","protected":false},"featured_media":1396,"comment_status":"open","ping_status":"closed","template":"","meta":[],"_links":{"self":[{"href":"https:\/\/estrellasycorazones.com\/index.php\/wp-json\/wp\/v2\/product\/1402"}],"collection":[{"href":"https:\/\/estrellasycorazones.com\/index.php\/wp-json\/wp\/v2\/product"}],"about":[{"href":"https:\/\/estrellasycorazones.com\/index.php\/wp-json\/wp\/v2\/types\/product"}],"replies":[{"embeddable":true,"href":"https:\/\/estrellasycorazones.com\/index.php\/wp-json\/wp\/v2\/comments?post=1402"}],"wp:featuredmedia":[{"embeddable":true,"href":"https:\/\/estrellasycorazones.com\/index.php\/wp-json\/wp\/v2\/media\/1396"}],"wp:attachment":[{"href":"https:\/\/estrellasycorazones.com\/index.php\/wp-json\/wp\/v2\/media?parent=1402"}],"curies":[{"name":"wp","href":"https:\/\/api.w.org\/{rel}","templated":true}]}}